{"id":7180,"date":"2022-07-26T11:26:51","date_gmt":"2022-07-26T08:26:51","guid":{"rendered":"https:\/\/test.beautybaltic.com\/?post_type=product&#038;p=7180"},"modified":"2025-11-01T12:28:14","modified_gmt":"2025-11-01T09:28:14","slug":"keramikas-nagu-freze-smalki-rupji","status":"publish","type":"product","link":"https:\/\/test.beautybaltic.com\/?product=keramikas-nagu-freze-smalki-rupji&lang=lv","title":{"rendered":"Keramiska fr\u0113ze, smalks rupjums (atgriezenisks)"},"content":{"rendered":"<p>Nesasilst, nerada diskomfortu no\u0146emot g\u0113la laku. To izmanto aparat\u016br\u0101 manik\u012br\u0101 un pedik\u012br\u0101: g\u0113la lakas no\u0146em\u0161anai, pieaudz\u0113tu nagu korekcijai, virsmas plaisu apstr\u0101dei. Ir augsta nodilumiztur\u012bba.<\/p>\n<hr \/>\n<p><span style=\"font-size: 12px;\">Ra\u017eot\u0101js saska\u0146\u0101 ar GPSR: Shanghai Wilson Precision Technology Co. LTD, 1st Floor, Building 6, No.868 Zhenchen Road, Shanghai, Shanghai, CN<\/span><br \/>\n<span style=\"font-size: 12px;\">Atbild\u012bg\u0101 persona saska\u0146\u0101 ar GPSR: Success Courier SL, CALLE RIO TORMES, 1 \u2013 1 DR 28947, FUENLABRADA, Madrid, Spain, successservice2@hotmail.com<\/span><\/p>\n","protected":false},"excerpt":{"rendered":"<p class=\"h1 likeh2 mb-4 mt-2\"><span style=\"font-size: 12pt;\">Keramiska fr\u0113ze materi\u0101la no\u0146em\u0161anai.<\/span><\/p>\n<p>Forma: liesma<br \/>\n<span class=\"VIiyi\" lang=\"lv\"><span class=\"JLqJ4b ChMk0b C1N51c\" data-language-for-alternatives=\"lv\" data-language-to-translate-into=\"en\" data-phrase-index=\"0\" data-number-of-phrases=\"1\"><span class=\"Q4iAWc\">Rupjums: sarkans (m\u012bksts<\/span><\/span><\/span>)<br \/>\nDarba da\u013cas garums: 14,5 mm<br \/>\nDarba da\u013cas diametrs: 6 mm.<\/p>\n","protected":false},"featured_media":19879,"comment_status":"open","ping_status":"closed","template":"","meta":[],"product_brand":[],"product_cat":[1177,1312],"product_tag":[],"class_list":{"0":"post-7180","1":"product","2":"type-product","3":"status-publish","4":"has-post-thumbnail","6":"product_cat-kreiliem","7":"product_cat-keramikas-frezes","9":"first","10":"instock","11":"taxable","12":"shipping-taxable","13":"purchasable","14":"product-type-simple"},"yoast_head":"<!-- This site is optimized with the Yoast SEO Premium plugin v23.0 (Yoast SEO v26.4) - https:\/\/yoast.com\/wordpress\/plugins\/seo\/ -->\n<title>Beauty Baltic &#183; Keramiska fr\u0113ze, smalks rupjums (atgriezenisks)<\/title>\n<meta name=\"robots\" content=\"index, follow, max-snippet:-1, max-image-preview:large, max-video-preview:-1\" \/>\n<link rel=\"canonical\" href=\"https:\/\/test.beautybaltic.com\/?product=keramikas-nagu-freze-smalki-rupji&lang=lv\" \/>\n<meta property=\"og:locale\" content=\"en_US\" \/>\n<meta property=\"og:type\" content=\"article\" \/>\n<meta property=\"og:title\" content=\"Keramiska fr\u0113ze, smalks rupjums (atgriezenisks)\" \/>\n<meta property=\"og:description\" content=\"Keramiska fr\u0113ze materi\u0101la no\u0146em\u0161anai. Forma: liesma Rupjums: sarkans (m\u012bksts) Darba da\u013cas garums: 14,5 mm Darba da\u013cas diametrs: 6 mm.\" \/>\n<meta property=\"og:url\" content=\"https:\/\/test.beautybaltic.com\/?product=keramikas-nagu-freze-smalki-rupji&amp;lang=lv\" \/>\n<meta property=\"og:site_name\" content=\"Beauty Baltic\" \/>\n<meta property=\"article:publisher\" content=\"https:\/\/www.facebook.com\/siabeautybaltic\/?eid=ARDs6xwwnnHaxWoXNQhS1sgYf1tbsdYaa9nRKgzW46Bm5i4PkSKw97xrztQlMJEv9gOVxTp-o3Sq_Uwq\" \/>\n<meta property=\"article:modified_time\" content=\"2025-11-01T09:28:14+00:00\" \/>\n<meta property=\"og:image\" content=\"http:\/\/test.beautybaltic.com\/wp-content\/uploads\/2020\/11\/6101665.jpg\" \/>\n\t<meta property=\"og:image:width\" content=\"1300\" \/>\n\t<meta property=\"og:image:height\" content=\"1300\" \/>\n\t<meta property=\"og:image:type\" content=\"image\/jpeg\" \/>\n<meta name=\"twitter:card\" content=\"summary_large_image\" \/>\n<meta name=\"twitter:label1\" content=\"Est. reading time\" \/>\n\t<meta name=\"twitter:data1\" content=\"1 minute\" \/>\n<script type=\"application\/ld+json\" class=\"yoast-schema-graph\">{\"@context\":\"https:\/\/schema.org\",\"@graph\":[{\"@type\":\"WebPage\",\"@id\":\"https:\/\/test.beautybaltic.com\/?product=keramikas-nagu-freze-smalki-rupji&lang=lv\",\"url\":\"https:\/\/test.beautybaltic.com\/?product=keramikas-nagu-freze-smalki-rupji&lang=lv\",\"name\":\"Beauty Baltic &#183; Keramiska fr\u0113ze, smalks rupjums (atgriezenisks)\",\"isPartOf\":{\"@id\":\"https:\/\/test.beautybaltic.com\/#website\"},\"primaryImageOfPage\":{\"@id\":\"https:\/\/test.beautybaltic.com\/?product=keramikas-nagu-freze-smalki-rupji&lang=lv#primaryimage\"},\"image\":{\"@id\":\"https:\/\/test.beautybaltic.com\/?product=keramikas-nagu-freze-smalki-rupji&lang=lv#primaryimage\"},\"thumbnailUrl\":\"https:\/\/test.beautybaltic.com\/wp-content\/uploads\/2020\/11\/6101665.jpg\",\"datePublished\":\"2022-07-26T08:26:51+00:00\",\"dateModified\":\"2025-11-01T09:28:14+00:00\",\"breadcrumb\":{\"@id\":\"https:\/\/test.beautybaltic.com\/?product=keramikas-nagu-freze-smalki-rupji&lang=lv#breadcrumb\"},\"inLanguage\":\"en-US\",\"potentialAction\":[{\"@type\":\"ReadAction\",\"target\":[\"https:\/\/test.beautybaltic.com\/?product=keramikas-nagu-freze-smalki-rupji&lang=lv\"]}]},{\"@type\":\"ImageObject\",\"inLanguage\":\"en-US\",\"@id\":\"https:\/\/test.beautybaltic.com\/?product=keramikas-nagu-freze-smalki-rupji&lang=lv#primaryimage\",\"url\":\"https:\/\/test.beautybaltic.com\/wp-content\/uploads\/2020\/11\/6101665.jpg\",\"contentUrl\":\"https:\/\/test.beautybaltic.com\/wp-content\/uploads\/2020\/11\/6101665.jpg\",\"width\":1300,\"height\":1300},{\"@type\":\"BreadcrumbList\",\"@id\":\"https:\/\/test.beautybaltic.com\/?product=keramikas-nagu-freze-smalki-rupji&lang=lv#breadcrumb\",\"itemListElement\":[{\"@type\":\"ListItem\",\"position\":1,\"name\":\"Home Page\",\"item\":\"https:\/\/test.beautybaltic.com\/\"},{\"@type\":\"ListItem\",\"position\":2,\"name\":\"All products\",\"item\":\"https:\/\/test.beautybaltic.com\/?page_id=113\"},{\"@type\":\"ListItem\",\"position\":3,\"name\":\"Keramiska fr\u0113ze, smalks rupjums (atgriezenisks)\"}]},{\"@type\":\"WebSite\",\"@id\":\"https:\/\/test.beautybaltic.com\/#website\",\"url\":\"https:\/\/test.beautybaltic.com\/\",\"name\":\"Beauty Baltic\",\"description\":\"\",\"publisher\":{\"@id\":\"https:\/\/test.beautybaltic.com\/#organization\"},\"potentialAction\":[{\"@type\":\"SearchAction\",\"target\":{\"@type\":\"EntryPoint\",\"urlTemplate\":\"https:\/\/test.beautybaltic.com\/?s={search_term_string}\"},\"query-input\":{\"@type\":\"PropertyValueSpecification\",\"valueRequired\":true,\"valueName\":\"search_term_string\"}}],\"inLanguage\":\"en-US\"},{\"@type\":\"Organization\",\"@id\":\"https:\/\/test.beautybaltic.com\/#organization\",\"name\":\"SIA \\\"Beauty Baltic\\\"\",\"url\":\"https:\/\/test.beautybaltic.com\/\",\"logo\":{\"@type\":\"ImageObject\",\"inLanguage\":\"en-US\",\"@id\":\"https:\/\/test.beautybaltic.com\/#\/schema\/logo\/image\/\",\"url\":\"https:\/\/test.beautybaltic.com\/wp-content\/uploads\/2020\/04\/logo-4.png\",\"contentUrl\":\"https:\/\/test.beautybaltic.com\/wp-content\/uploads\/2020\/04\/logo-4.png\",\"width\":704,\"height\":206,\"caption\":\"SIA \\\"Beauty Baltic\\\"\"},\"image\":{\"@id\":\"https:\/\/test.beautybaltic.com\/#\/schema\/logo\/image\/\"},\"sameAs\":[\"https:\/\/www.facebook.com\/siabeautybaltic\/?eid=ARDs6xwwnnHaxWoXNQhS1sgYf1tbsdYaa9nRKgzW46Bm5i4PkSKw97xrztQlMJEv9gOVxTp-o3Sq_Uwq\",\"https:\/\/www.instagram.com\/beauty_baltic\/\"]}]}<\/script>\n<!-- \/ Yoast SEO Premium plugin. -->","yoast_head_json":{"title":"Beauty Baltic &#183; Keramiska fr\u0113ze, smalks rupjums (atgriezenisks)","robots":{"index":"index","follow":"follow","max-snippet":"max-snippet:-1","max-image-preview":"max-image-preview:large","max-video-preview":"max-video-preview:-1"},"canonical":"https:\/\/test.beautybaltic.com\/?product=keramikas-nagu-freze-smalki-rupji&lang=lv","og_locale":"en_US","og_type":"article","og_title":"Keramiska fr\u0113ze, smalks rupjums (atgriezenisks)","og_description":"Keramiska fr\u0113ze materi\u0101la no\u0146em\u0161anai. Forma: liesma Rupjums: sarkans (m\u012bksts) Darba da\u013cas garums: 14,5 mm Darba da\u013cas diametrs: 6 mm.","og_url":"https:\/\/test.beautybaltic.com\/?product=keramikas-nagu-freze-smalki-rupji&lang=lv","og_site_name":"Beauty Baltic","article_publisher":"https:\/\/www.facebook.com\/siabeautybaltic\/?eid=ARDs6xwwnnHaxWoXNQhS1sgYf1tbsdYaa9nRKgzW46Bm5i4PkSKw97xrztQlMJEv9gOVxTp-o3Sq_Uwq","article_modified_time":"2025-11-01T09:28:14+00:00","og_image":[{"width":1300,"height":1300,"url":"http:\/\/test.beautybaltic.com\/wp-content\/uploads\/2020\/11\/6101665.jpg","type":"image\/jpeg"}],"twitter_card":"summary_large_image","twitter_misc":{"Est. reading time":"1 minute"},"schema":{"@context":"https:\/\/schema.org","@graph":[{"@type":"WebPage","@id":"https:\/\/test.beautybaltic.com\/?product=keramikas-nagu-freze-smalki-rupji&lang=lv","url":"https:\/\/test.beautybaltic.com\/?product=keramikas-nagu-freze-smalki-rupji&lang=lv","name":"Beauty Baltic &#183; Keramiska fr\u0113ze, smalks rupjums (atgriezenisks)","isPartOf":{"@id":"https:\/\/test.beautybaltic.com\/#website"},"primaryImageOfPage":{"@id":"https:\/\/test.beautybaltic.com\/?product=keramikas-nagu-freze-smalki-rupji&lang=lv#primaryimage"},"image":{"@id":"https:\/\/test.beautybaltic.com\/?product=keramikas-nagu-freze-smalki-rupji&lang=lv#primaryimage"},"thumbnailUrl":"https:\/\/test.beautybaltic.com\/wp-content\/uploads\/2020\/11\/6101665.jpg","datePublished":"2022-07-26T08:26:51+00:00","dateModified":"2025-11-01T09:28:14+00:00","breadcrumb":{"@id":"https:\/\/test.beautybaltic.com\/?product=keramikas-nagu-freze-smalki-rupji&lang=lv#breadcrumb"},"inLanguage":"en-US","potentialAction":[{"@type":"ReadAction","target":["https:\/\/test.beautybaltic.com\/?product=keramikas-nagu-freze-smalki-rupji&lang=lv"]}]},{"@type":"ImageObject","inLanguage":"en-US","@id":"https:\/\/test.beautybaltic.com\/?product=keramikas-nagu-freze-smalki-rupji&lang=lv#primaryimage","url":"https:\/\/test.beautybaltic.com\/wp-content\/uploads\/2020\/11\/6101665.jpg","contentUrl":"https:\/\/test.beautybaltic.com\/wp-content\/uploads\/2020\/11\/6101665.jpg","width":1300,"height":1300},{"@type":"BreadcrumbList","@id":"https:\/\/test.beautybaltic.com\/?product=keramikas-nagu-freze-smalki-rupji&lang=lv#breadcrumb","itemListElement":[{"@type":"ListItem","position":1,"name":"Home Page","item":"https:\/\/test.beautybaltic.com\/"},{"@type":"ListItem","position":2,"name":"All products","item":"https:\/\/test.beautybaltic.com\/?page_id=113"},{"@type":"ListItem","position":3,"name":"Keramiska fr\u0113ze, smalks rupjums (atgriezenisks)"}]},{"@type":"WebSite","@id":"https:\/\/test.beautybaltic.com\/#website","url":"https:\/\/test.beautybaltic.com\/","name":"Beauty Baltic","description":"","publisher":{"@id":"https:\/\/test.beautybaltic.com\/#organization"},"potentialAction":[{"@type":"SearchAction","target":{"@type":"EntryPoint","urlTemplate":"https:\/\/test.beautybaltic.com\/?s={search_term_string}"},"query-input":{"@type":"PropertyValueSpecification","valueRequired":true,"valueName":"search_term_string"}}],"inLanguage":"en-US"},{"@type":"Organization","@id":"https:\/\/test.beautybaltic.com\/#organization","name":"SIA \"Beauty Baltic\"","url":"https:\/\/test.beautybaltic.com\/","logo":{"@type":"ImageObject","inLanguage":"en-US","@id":"https:\/\/test.beautybaltic.com\/#\/schema\/logo\/image\/","url":"https:\/\/test.beautybaltic.com\/wp-content\/uploads\/2020\/04\/logo-4.png","contentUrl":"https:\/\/test.beautybaltic.com\/wp-content\/uploads\/2020\/04\/logo-4.png","width":704,"height":206,"caption":"SIA \"Beauty Baltic\""},"image":{"@id":"https:\/\/test.beautybaltic.com\/#\/schema\/logo\/image\/"},"sameAs":["https:\/\/www.facebook.com\/siabeautybaltic\/?eid=ARDs6xwwnnHaxWoXNQhS1sgYf1tbsdYaa9nRKgzW46Bm5i4PkSKw97xrztQlMJEv9gOVxTp-o3Sq_Uwq","https:\/\/www.instagram.com\/beauty_baltic\/"]}]}},"_links":{"self":[{"href":"https:\/\/test.beautybaltic.com\/index.php?rest_route=\/wp\/v2\/product\/7180","targetHints":{"allow":["GET"]}}],"collection":[{"href":"https:\/\/test.beautybaltic.com\/index.php?rest_route=\/wp\/v2\/product"}],"about":[{"href":"https:\/\/test.beautybaltic.com\/index.php?rest_route=\/wp\/v2\/types\/product"}],"replies":[{"embeddable":true,"href":"https:\/\/test.beautybaltic.com\/index.php?rest_route=%2Fwp%2Fv2%2Fcomments&post=7180"}],"wp:featuredmedia":[{"embeddable":true,"href":"https:\/\/test.beautybaltic.com\/index.php?rest_route=\/wp\/v2\/media\/19879"}],"wp:attachment":[{"href":"https:\/\/test.beautybaltic.com\/index.php?rest_route=%2Fwp%2Fv2%2Fmedia&parent=7180"}],"wp:term":[{"taxonomy":"product_brand","embeddable":true,"href":"https:\/\/test.beautybaltic.com\/index.php?rest_route=%2Fwp%2Fv2%2Fproduct_brand&post=7180"},{"taxonomy":"product_cat","embeddable":true,"href":"https:\/\/test.beautybaltic.com\/index.php?rest_route=%2Fwp%2Fv2%2Fproduct_cat&post=7180"},{"taxonomy":"product_tag","embeddable":true,"href":"https:\/\/test.beautybaltic.com\/index.php?rest_route=%2Fwp%2Fv2%2Fproduct_tag&post=7180"}],"curies":[{"name":"wp","href":"https:\/\/api.w.org\/{rel}","templated":true}]}}