{"id":23578,"date":"2025-10-21T13:30:57","date_gmt":"2025-10-21T10:30:57","guid":{"rendered":"https:\/\/test.beautybaltic.com\/?post_type=product&#038;p=23578"},"modified":"2025-11-19T10:43:22","modified_gmt":"2025-11-19T07:43:22","slug":"dimanta-freze-bumbieris-050-zali","status":"publish","type":"product","link":"https:\/\/test.beautybaltic.com\/?product=dimanta-freze-bumbieris-050-zali&lang=lv","title":{"rendered":"Dimanta fr\u0113ze \u201cbumbieris\u201d 050 za\u013ci"},"content":{"rendered":"<p>Dimanta fr\u0113ze \u201cbumbieris\u201d<\/p>\n<p>Dimanta uzga\u013cis izmanto apar\u0101tmanik\u012bram un pedik\u012bram:<\/p>\n<ul>\n<li>Delik\u0101tai kutikulas no\u0146em\u0161anai<\/li>\n<li>Lai no\u0146emtu raupju \u0101du no s\u0101nu izci\u013c\u0146iem<\/li>\n<li>G\u0113la vai akrila nagu izl\u012bdzin\u0101\u0161ana un veido\u0161ana<\/li>\n<li>Pal\u012bdz manik\u012bram notur\u0113ties ilg\u0101k<\/li>\n<\/ul>\n<p>ISO 876.104.266.120.050<\/p>\n<p>Darba da\u013ca diametrs, mm: 5.00<\/p>\n<p>Graudain\u012bba: rupji (za\u013ci)<\/p>\n<p>Piem\u0113rots gan dab\u012bgiem, gan m\u0101ksl\u012bgiem nagiem, lielisks instruments jebkuram profesion\u0101lam manik\u012bram vai ies\u0101c\u0113jam.<\/p>\n<p>Lieto\u0161anas pam\u0101c\u012bbas un dro\u0161\u012bbas nor\u0101d\u012bjumi <a href=\"https:\/\/test.beautybaltic.com\/?page_id=24028&amp;lang=lv\">pieejami \u0161eit<\/a>.<\/p>\n","protected":false},"excerpt":{"rendered":"<p>Dimanta fr\u0113ze \u201cbumbieris\u201d<\/p>\n<p>Darba da\u013ca diametrs, mm: 5,00<\/p>\n<p>Graudain\u012bba: rupji (za\u013ci)<\/p>\n","protected":false},"featured_media":23671,"comment_status":"open","ping_status":"closed","template":"","meta":[],"product_brand":[2854],"product_cat":[1509,1215,1175,2053],"product_tag":[],"class_list":{"0":"post-23578","1":"product","2":"type-product","3":"status-publish","4":"has-post-thumbnail","6":"product_brand-sistema","7":"product_cat-dimanta-frezes-2","8":"product_cat-dimanta-frezes-sistema","9":"product_cat-citas-formas","10":"product_cat-frezes-uzgali","12":"first","13":"instock","14":"taxable","15":"shipping-taxable","16":"purchasable","17":"product-type-simple"},"yoast_head":"<!-- This site is optimized with the Yoast SEO Premium plugin v23.0 (Yoast SEO v26.4) - https:\/\/yoast.com\/wordpress\/plugins\/seo\/ -->\n<title>Beauty Baltic &#183; Dimanta fr\u0113ze \u201cbumbieris\u201d 050 za\u013ci<\/title>\n<meta name=\"robots\" content=\"index, follow, max-snippet:-1, max-image-preview:large, max-video-preview:-1\" \/>\n<link rel=\"canonical\" href=\"https:\/\/test.beautybaltic.com\/?product=dimanta-freze-bumbieris-050-zali&lang=lv\" \/>\n<meta property=\"og:locale\" content=\"en_US\" \/>\n<meta property=\"og:type\" content=\"article\" \/>\n<meta property=\"og:title\" content=\"Dimanta fr\u0113ze \u201cbumbieris\u201d 050 za\u013ci\" \/>\n<meta property=\"og:description\" content=\"Dimanta fr\u0113ze \u201cbumbieris\u201d  Darba da\u013ca diametrs, mm: 5,00  Graudain\u012bba: rupji (za\u013ci)\" \/>\n<meta property=\"og:url\" content=\"https:\/\/test.beautybaltic.com\/?product=dimanta-freze-bumbieris-050-zali&amp;lang=lv\" \/>\n<meta property=\"og:site_name\" content=\"Beauty Baltic\" \/>\n<meta property=\"article:publisher\" content=\"https:\/\/www.facebook.com\/siabeautybaltic\/?eid=ARDs6xwwnnHaxWoXNQhS1sgYf1tbsdYaa9nRKgzW46Bm5i4PkSKw97xrztQlMJEv9gOVxTp-o3Sq_Uwq\" \/>\n<meta property=\"article:modified_time\" content=\"2025-11-19T07:43:22+00:00\" \/>\n<meta property=\"og:image\" content=\"http:\/\/test.beautybaltic.com\/wp-content\/uploads\/2025\/10\/876.104.266.120.050.jpg\" \/>\n\t<meta property=\"og:image:width\" content=\"2000\" \/>\n\t<meta property=\"og:image:height\" content=\"2000\" \/>\n\t<meta property=\"og:image:type\" content=\"image\/jpeg\" \/>\n<meta name=\"twitter:card\" content=\"summary_large_image\" \/>\n<meta name=\"twitter:label1\" content=\"Est. reading time\" \/>\n\t<meta name=\"twitter:data1\" content=\"1 minute\" \/>\n<script type=\"application\/ld+json\" class=\"yoast-schema-graph\">{\"@context\":\"https:\/\/schema.org\",\"@graph\":[{\"@type\":\"WebPage\",\"@id\":\"https:\/\/test.beautybaltic.com\/?product=dimanta-freze-bumbieris-050-zali&lang=lv\",\"url\":\"https:\/\/test.beautybaltic.com\/?product=dimanta-freze-bumbieris-050-zali&lang=lv\",\"name\":\"Beauty Baltic &#183; Dimanta fr\u0113ze \u201cbumbieris\u201d 050 za\u013ci\",\"isPartOf\":{\"@id\":\"https:\/\/test.beautybaltic.com\/#website\"},\"primaryImageOfPage\":{\"@id\":\"https:\/\/test.beautybaltic.com\/?product=dimanta-freze-bumbieris-050-zali&lang=lv#primaryimage\"},\"image\":{\"@id\":\"https:\/\/test.beautybaltic.com\/?product=dimanta-freze-bumbieris-050-zali&lang=lv#primaryimage\"},\"thumbnailUrl\":\"https:\/\/test.beautybaltic.com\/wp-content\/uploads\/2025\/10\/876.104.266.120.050.jpg\",\"datePublished\":\"2025-10-21T10:30:57+00:00\",\"dateModified\":\"2025-11-19T07:43:22+00:00\",\"breadcrumb\":{\"@id\":\"https:\/\/test.beautybaltic.com\/?product=dimanta-freze-bumbieris-050-zali&lang=lv#breadcrumb\"},\"inLanguage\":\"en-US\",\"potentialAction\":[{\"@type\":\"ReadAction\",\"target\":[\"https:\/\/test.beautybaltic.com\/?product=dimanta-freze-bumbieris-050-zali&lang=lv\"]}]},{\"@type\":\"ImageObject\",\"inLanguage\":\"en-US\",\"@id\":\"https:\/\/test.beautybaltic.com\/?product=dimanta-freze-bumbieris-050-zali&lang=lv#primaryimage\",\"url\":\"https:\/\/test.beautybaltic.com\/wp-content\/uploads\/2025\/10\/876.104.266.120.050.jpg\",\"contentUrl\":\"https:\/\/test.beautybaltic.com\/wp-content\/uploads\/2025\/10\/876.104.266.120.050.jpg\",\"width\":2000,\"height\":2000},{\"@type\":\"BreadcrumbList\",\"@id\":\"https:\/\/test.beautybaltic.com\/?product=dimanta-freze-bumbieris-050-zali&lang=lv#breadcrumb\",\"itemListElement\":[{\"@type\":\"ListItem\",\"position\":1,\"name\":\"Home Page\",\"item\":\"https:\/\/test.beautybaltic.com\/\"},{\"@type\":\"ListItem\",\"position\":2,\"name\":\"All products\",\"item\":\"https:\/\/test.beautybaltic.com\/?page_id=113\"},{\"@type\":\"ListItem\",\"position\":3,\"name\":\"Dimanta fr\u0113ze \u201cbumbieris\u201d 050 za\u013ci\"}]},{\"@type\":\"WebSite\",\"@id\":\"https:\/\/test.beautybaltic.com\/#website\",\"url\":\"https:\/\/test.beautybaltic.com\/\",\"name\":\"Beauty Baltic\",\"description\":\"\",\"publisher\":{\"@id\":\"https:\/\/test.beautybaltic.com\/#organization\"},\"potentialAction\":[{\"@type\":\"SearchAction\",\"target\":{\"@type\":\"EntryPoint\",\"urlTemplate\":\"https:\/\/test.beautybaltic.com\/?s={search_term_string}\"},\"query-input\":{\"@type\":\"PropertyValueSpecification\",\"valueRequired\":true,\"valueName\":\"search_term_string\"}}],\"inLanguage\":\"en-US\"},{\"@type\":\"Organization\",\"@id\":\"https:\/\/test.beautybaltic.com\/#organization\",\"name\":\"SIA \\\"Beauty Baltic\\\"\",\"url\":\"https:\/\/test.beautybaltic.com\/\",\"logo\":{\"@type\":\"ImageObject\",\"inLanguage\":\"en-US\",\"@id\":\"https:\/\/test.beautybaltic.com\/#\/schema\/logo\/image\/\",\"url\":\"https:\/\/test.beautybaltic.com\/wp-content\/uploads\/2020\/04\/logo-4.png\",\"contentUrl\":\"https:\/\/test.beautybaltic.com\/wp-content\/uploads\/2020\/04\/logo-4.png\",\"width\":704,\"height\":206,\"caption\":\"SIA \\\"Beauty Baltic\\\"\"},\"image\":{\"@id\":\"https:\/\/test.beautybaltic.com\/#\/schema\/logo\/image\/\"},\"sameAs\":[\"https:\/\/www.facebook.com\/siabeautybaltic\/?eid=ARDs6xwwnnHaxWoXNQhS1sgYf1tbsdYaa9nRKgzW46Bm5i4PkSKw97xrztQlMJEv9gOVxTp-o3Sq_Uwq\",\"https:\/\/www.instagram.com\/beauty_baltic\/\"]}]}<\/script>\n<!-- \/ Yoast SEO Premium plugin. -->","yoast_head_json":{"title":"Beauty Baltic &#183; Dimanta fr\u0113ze \u201cbumbieris\u201d 050 za\u013ci","robots":{"index":"index","follow":"follow","max-snippet":"max-snippet:-1","max-image-preview":"max-image-preview:large","max-video-preview":"max-video-preview:-1"},"canonical":"https:\/\/test.beautybaltic.com\/?product=dimanta-freze-bumbieris-050-zali&lang=lv","og_locale":"en_US","og_type":"article","og_title":"Dimanta fr\u0113ze \u201cbumbieris\u201d 050 za\u013ci","og_description":"Dimanta fr\u0113ze \u201cbumbieris\u201d  Darba da\u013ca diametrs, mm: 5,00  Graudain\u012bba: rupji (za\u013ci)","og_url":"https:\/\/test.beautybaltic.com\/?product=dimanta-freze-bumbieris-050-zali&lang=lv","og_site_name":"Beauty Baltic","article_publisher":"https:\/\/www.facebook.com\/siabeautybaltic\/?eid=ARDs6xwwnnHaxWoXNQhS1sgYf1tbsdYaa9nRKgzW46Bm5i4PkSKw97xrztQlMJEv9gOVxTp-o3Sq_Uwq","article_modified_time":"2025-11-19T07:43:22+00:00","og_image":[{"width":2000,"height":2000,"url":"http:\/\/test.beautybaltic.com\/wp-content\/uploads\/2025\/10\/876.104.266.120.050.jpg","type":"image\/jpeg"}],"twitter_card":"summary_large_image","twitter_misc":{"Est. reading time":"1 minute"},"schema":{"@context":"https:\/\/schema.org","@graph":[{"@type":"WebPage","@id":"https:\/\/test.beautybaltic.com\/?product=dimanta-freze-bumbieris-050-zali&lang=lv","url":"https:\/\/test.beautybaltic.com\/?product=dimanta-freze-bumbieris-050-zali&lang=lv","name":"Beauty Baltic &#183; Dimanta fr\u0113ze \u201cbumbieris\u201d 050 za\u013ci","isPartOf":{"@id":"https:\/\/test.beautybaltic.com\/#website"},"primaryImageOfPage":{"@id":"https:\/\/test.beautybaltic.com\/?product=dimanta-freze-bumbieris-050-zali&lang=lv#primaryimage"},"image":{"@id":"https:\/\/test.beautybaltic.com\/?product=dimanta-freze-bumbieris-050-zali&lang=lv#primaryimage"},"thumbnailUrl":"https:\/\/test.beautybaltic.com\/wp-content\/uploads\/2025\/10\/876.104.266.120.050.jpg","datePublished":"2025-10-21T10:30:57+00:00","dateModified":"2025-11-19T07:43:22+00:00","breadcrumb":{"@id":"https:\/\/test.beautybaltic.com\/?product=dimanta-freze-bumbieris-050-zali&lang=lv#breadcrumb"},"inLanguage":"en-US","potentialAction":[{"@type":"ReadAction","target":["https:\/\/test.beautybaltic.com\/?product=dimanta-freze-bumbieris-050-zali&lang=lv"]}]},{"@type":"ImageObject","inLanguage":"en-US","@id":"https:\/\/test.beautybaltic.com\/?product=dimanta-freze-bumbieris-050-zali&lang=lv#primaryimage","url":"https:\/\/test.beautybaltic.com\/wp-content\/uploads\/2025\/10\/876.104.266.120.050.jpg","contentUrl":"https:\/\/test.beautybaltic.com\/wp-content\/uploads\/2025\/10\/876.104.266.120.050.jpg","width":2000,"height":2000},{"@type":"BreadcrumbList","@id":"https:\/\/test.beautybaltic.com\/?product=dimanta-freze-bumbieris-050-zali&lang=lv#breadcrumb","itemListElement":[{"@type":"ListItem","position":1,"name":"Home Page","item":"https:\/\/test.beautybaltic.com\/"},{"@type":"ListItem","position":2,"name":"All products","item":"https:\/\/test.beautybaltic.com\/?page_id=113"},{"@type":"ListItem","position":3,"name":"Dimanta fr\u0113ze \u201cbumbieris\u201d 050 za\u013ci"}]},{"@type":"WebSite","@id":"https:\/\/test.beautybaltic.com\/#website","url":"https:\/\/test.beautybaltic.com\/","name":"Beauty Baltic","description":"","publisher":{"@id":"https:\/\/test.beautybaltic.com\/#organization"},"potentialAction":[{"@type":"SearchAction","target":{"@type":"EntryPoint","urlTemplate":"https:\/\/test.beautybaltic.com\/?s={search_term_string}"},"query-input":{"@type":"PropertyValueSpecification","valueRequired":true,"valueName":"search_term_string"}}],"inLanguage":"en-US"},{"@type":"Organization","@id":"https:\/\/test.beautybaltic.com\/#organization","name":"SIA \"Beauty Baltic\"","url":"https:\/\/test.beautybaltic.com\/","logo":{"@type":"ImageObject","inLanguage":"en-US","@id":"https:\/\/test.beautybaltic.com\/#\/schema\/logo\/image\/","url":"https:\/\/test.beautybaltic.com\/wp-content\/uploads\/2020\/04\/logo-4.png","contentUrl":"https:\/\/test.beautybaltic.com\/wp-content\/uploads\/2020\/04\/logo-4.png","width":704,"height":206,"caption":"SIA \"Beauty Baltic\""},"image":{"@id":"https:\/\/test.beautybaltic.com\/#\/schema\/logo\/image\/"},"sameAs":["https:\/\/www.facebook.com\/siabeautybaltic\/?eid=ARDs6xwwnnHaxWoXNQhS1sgYf1tbsdYaa9nRKgzW46Bm5i4PkSKw97xrztQlMJEv9gOVxTp-o3Sq_Uwq","https:\/\/www.instagram.com\/beauty_baltic\/"]}]}},"_links":{"self":[{"href":"https:\/\/test.beautybaltic.com\/index.php?rest_route=\/wp\/v2\/product\/23578","targetHints":{"allow":["GET"]}}],"collection":[{"href":"https:\/\/test.beautybaltic.com\/index.php?rest_route=\/wp\/v2\/product"}],"about":[{"href":"https:\/\/test.beautybaltic.com\/index.php?rest_route=\/wp\/v2\/types\/product"}],"replies":[{"embeddable":true,"href":"https:\/\/test.beautybaltic.com\/index.php?rest_route=%2Fwp%2Fv2%2Fcomments&post=23578"}],"wp:featuredmedia":[{"embeddable":true,"href":"https:\/\/test.beautybaltic.com\/index.php?rest_route=\/wp\/v2\/media\/23671"}],"wp:attachment":[{"href":"https:\/\/test.beautybaltic.com\/index.php?rest_route=%2Fwp%2Fv2%2Fmedia&parent=23578"}],"wp:term":[{"taxonomy":"product_brand","embeddable":true,"href":"https:\/\/test.beautybaltic.com\/index.php?rest_route=%2Fwp%2Fv2%2Fproduct_brand&post=23578"},{"taxonomy":"product_cat","embeddable":true,"href":"https:\/\/test.beautybaltic.com\/index.php?rest_route=%2Fwp%2Fv2%2Fproduct_cat&post=23578"},{"taxonomy":"product_tag","embeddable":true,"href":"https:\/\/test.beautybaltic.com\/index.php?rest_route=%2Fwp%2Fv2%2Fproduct_tag&post=23578"}],"curies":[{"name":"wp","href":"https:\/\/api.w.org\/{rel}","templated":true}]}}