{"id":16884,"date":"2024-11-28T13:08:18","date_gmt":"2024-11-28T10:08:18","guid":{"rendered":"https:\/\/test.beautybaltic.com\/?post_type=product&#038;p=16884"},"modified":"2025-08-28T22:13:43","modified_gmt":"2025-08-28T19:13:43","slug":"karbidinis-antgalis-kmiz-fpd-023c-m-8","status":"publish","type":"product","link":"https:\/\/test.beautybaltic.com\/?product=karbidinis-antgalis-kmiz-fpd-023c-m-8&lang=lt","title":{"rendered":"Karbidinis antgalis KMIZ FPD 023C-M 8"},"content":{"rendered":"","protected":false},"excerpt":{"rendered":"<p>Karbido antgalis, skirtas gelio ir akrilo nag\u0173 pavir\u0161iui apdoroti.<\/p>\n<p>Forma: K\u016bgio formos<br \/>\nStambumas: Smulkus skersinis pj\u016bvis (raudonas)<br \/>\nDarbin\u0117s dalies ilgis: 8,0 mm.<br \/>\nDarbin\u0117s dalies skersmuo: 2,3 mm.<br \/>\nModelis: FPD 023C-M 8<\/p>\n","protected":false},"featured_media":23779,"comment_status":"open","ping_status":"closed","template":"","meta":[],"product_brand":[],"product_cat":[1794,1778,1833],"product_tag":[],"class_list":{"0":"post-16884","1":"product","2":"type-product","3":"status-publish","4":"has-post-thumbnail","6":"product_cat-karbidiniai-antgaliai-kmiz","7":"product_cat-raudona-smulkus-rupumas","8":"product_cat-kmiz-kazane-antgaliai","10":"first","11":"instock","12":"taxable","13":"shipping-taxable","14":"purchasable","15":"product-type-simple"},"yoast_head":"<!-- This site is optimized with the Yoast SEO Premium plugin v23.0 (Yoast SEO v26.4) - https:\/\/yoast.com\/wordpress\/plugins\/seo\/ -->\n<title>Beauty Baltic &#183; Karbidinis antgalis KMIZ FPD 023C-M 8<\/title>\n<meta name=\"robots\" content=\"index, follow, max-snippet:-1, max-image-preview:large, max-video-preview:-1\" \/>\n<link rel=\"canonical\" href=\"https:\/\/test.beautybaltic.com\/?product=karbidinis-antgalis-kmiz-fpd-023c-m-8&lang=lt\" \/>\n<meta property=\"og:locale\" content=\"en_US\" \/>\n<meta property=\"og:type\" content=\"article\" \/>\n<meta property=\"og:title\" content=\"Karbidinis antgalis KMIZ FPD 023C-M 8\" \/>\n<meta property=\"og:description\" content=\"Karbido antgalis, skirtas gelio ir akrilo nag\u0173 pavir\u0161iui apdoroti.  Forma: K\u016bgio formos Stambumas: Smulkus skersinis pj\u016bvis (raudonas) Darbin\u0117s dalies ilgis: 8,0 mm. Darbin\u0117s dalies skersmuo: 2,3 mm. Modelis: FPD 023C-M 8\" \/>\n<meta property=\"og:url\" content=\"https:\/\/test.beautybaltic.com\/?product=karbidinis-antgalis-kmiz-fpd-023c-m-8&amp;lang=lt\" \/>\n<meta property=\"og:site_name\" content=\"Beauty Baltic\" \/>\n<meta property=\"article:publisher\" content=\"https:\/\/www.facebook.com\/siabeautybaltic\/?eid=ARDs6xwwnnHaxWoXNQhS1sgYf1tbsdYaa9nRKgzW46Bm5i4PkSKw97xrztQlMJEv9gOVxTp-o3Sq_Uwq\" \/>\n<meta property=\"article:modified_time\" content=\"2025-08-28T19:13:43+00:00\" \/>\n<meta property=\"og:image\" content=\"http:\/\/test.beautybaltic.com\/wp-content\/uploads\/2024\/11\/KMIZ-FPD-023C-M-8-2.jpg\" \/>\n\t<meta property=\"og:image:width\" content=\"1300\" \/>\n\t<meta property=\"og:image:height\" content=\"1300\" \/>\n\t<meta property=\"og:image:type\" content=\"image\/jpeg\" \/>\n<meta name=\"twitter:card\" content=\"summary_large_image\" \/>\n<meta name=\"twitter:label1\" content=\"Est. reading time\" \/>\n\t<meta name=\"twitter:data1\" content=\"1 minute\" \/>\n<script type=\"application\/ld+json\" class=\"yoast-schema-graph\">{\"@context\":\"https:\/\/schema.org\",\"@graph\":[{\"@type\":\"WebPage\",\"@id\":\"https:\/\/test.beautybaltic.com\/?product=karbidinis-antgalis-kmiz-fpd-023c-m-8&lang=lt\",\"url\":\"https:\/\/test.beautybaltic.com\/?product=karbidinis-antgalis-kmiz-fpd-023c-m-8&lang=lt\",\"name\":\"Beauty Baltic &#183; Karbidinis antgalis KMIZ FPD 023C-M 8\",\"isPartOf\":{\"@id\":\"https:\/\/test.beautybaltic.com\/#website\"},\"primaryImageOfPage\":{\"@id\":\"https:\/\/test.beautybaltic.com\/?product=karbidinis-antgalis-kmiz-fpd-023c-m-8&lang=lt#primaryimage\"},\"image\":{\"@id\":\"https:\/\/test.beautybaltic.com\/?product=karbidinis-antgalis-kmiz-fpd-023c-m-8&lang=lt#primaryimage\"},\"thumbnailUrl\":\"https:\/\/test.beautybaltic.com\/wp-content\/uploads\/2024\/11\/KMIZ-FPD-023C-M-8-2.jpg\",\"datePublished\":\"2024-11-28T10:08:18+00:00\",\"dateModified\":\"2025-08-28T19:13:43+00:00\",\"breadcrumb\":{\"@id\":\"https:\/\/test.beautybaltic.com\/?product=karbidinis-antgalis-kmiz-fpd-023c-m-8&lang=lt#breadcrumb\"},\"inLanguage\":\"en-US\",\"potentialAction\":[{\"@type\":\"ReadAction\",\"target\":[\"https:\/\/test.beautybaltic.com\/?product=karbidinis-antgalis-kmiz-fpd-023c-m-8&lang=lt\"]}]},{\"@type\":\"ImageObject\",\"inLanguage\":\"en-US\",\"@id\":\"https:\/\/test.beautybaltic.com\/?product=karbidinis-antgalis-kmiz-fpd-023c-m-8&lang=lt#primaryimage\",\"url\":\"https:\/\/test.beautybaltic.com\/wp-content\/uploads\/2024\/11\/KMIZ-FPD-023C-M-8-2.jpg\",\"contentUrl\":\"https:\/\/test.beautybaltic.com\/wp-content\/uploads\/2024\/11\/KMIZ-FPD-023C-M-8-2.jpg\",\"width\":1300,\"height\":1300},{\"@type\":\"BreadcrumbList\",\"@id\":\"https:\/\/test.beautybaltic.com\/?product=karbidinis-antgalis-kmiz-fpd-023c-m-8&lang=lt#breadcrumb\",\"itemListElement\":[{\"@type\":\"ListItem\",\"position\":1,\"name\":\"Home Page\",\"item\":\"https:\/\/test.beautybaltic.com\/\"},{\"@type\":\"ListItem\",\"position\":2,\"name\":\"All products\",\"item\":\"https:\/\/test.beautybaltic.com\/?page_id=113\"},{\"@type\":\"ListItem\",\"position\":3,\"name\":\"Karbidinis antgalis KMIZ FPD 023C-M 8\"}]},{\"@type\":\"WebSite\",\"@id\":\"https:\/\/test.beautybaltic.com\/#website\",\"url\":\"https:\/\/test.beautybaltic.com\/\",\"name\":\"Beauty Baltic\",\"description\":\"\",\"publisher\":{\"@id\":\"https:\/\/test.beautybaltic.com\/#organization\"},\"potentialAction\":[{\"@type\":\"SearchAction\",\"target\":{\"@type\":\"EntryPoint\",\"urlTemplate\":\"https:\/\/test.beautybaltic.com\/?s={search_term_string}\"},\"query-input\":{\"@type\":\"PropertyValueSpecification\",\"valueRequired\":true,\"valueName\":\"search_term_string\"}}],\"inLanguage\":\"en-US\"},{\"@type\":\"Organization\",\"@id\":\"https:\/\/test.beautybaltic.com\/#organization\",\"name\":\"SIA \\\"Beauty Baltic\\\"\",\"url\":\"https:\/\/test.beautybaltic.com\/\",\"logo\":{\"@type\":\"ImageObject\",\"inLanguage\":\"en-US\",\"@id\":\"https:\/\/test.beautybaltic.com\/#\/schema\/logo\/image\/\",\"url\":\"https:\/\/test.beautybaltic.com\/wp-content\/uploads\/2020\/04\/logo-4.png\",\"contentUrl\":\"https:\/\/test.beautybaltic.com\/wp-content\/uploads\/2020\/04\/logo-4.png\",\"width\":704,\"height\":206,\"caption\":\"SIA \\\"Beauty Baltic\\\"\"},\"image\":{\"@id\":\"https:\/\/test.beautybaltic.com\/#\/schema\/logo\/image\/\"},\"sameAs\":[\"https:\/\/www.facebook.com\/siabeautybaltic\/?eid=ARDs6xwwnnHaxWoXNQhS1sgYf1tbsdYaa9nRKgzW46Bm5i4PkSKw97xrztQlMJEv9gOVxTp-o3Sq_Uwq\",\"https:\/\/www.instagram.com\/beauty_baltic\/\"]}]}<\/script>\n<!-- \/ Yoast SEO Premium plugin. -->","yoast_head_json":{"title":"Beauty Baltic &#183; Karbidinis antgalis KMIZ FPD 023C-M 8","robots":{"index":"index","follow":"follow","max-snippet":"max-snippet:-1","max-image-preview":"max-image-preview:large","max-video-preview":"max-video-preview:-1"},"canonical":"https:\/\/test.beautybaltic.com\/?product=karbidinis-antgalis-kmiz-fpd-023c-m-8&lang=lt","og_locale":"en_US","og_type":"article","og_title":"Karbidinis antgalis KMIZ FPD 023C-M 8","og_description":"Karbido antgalis, skirtas gelio ir akrilo nag\u0173 pavir\u0161iui apdoroti.  Forma: K\u016bgio formos Stambumas: Smulkus skersinis pj\u016bvis (raudonas) Darbin\u0117s dalies ilgis: 8,0 mm. Darbin\u0117s dalies skersmuo: 2,3 mm. Modelis: FPD 023C-M 8","og_url":"https:\/\/test.beautybaltic.com\/?product=karbidinis-antgalis-kmiz-fpd-023c-m-8&lang=lt","og_site_name":"Beauty Baltic","article_publisher":"https:\/\/www.facebook.com\/siabeautybaltic\/?eid=ARDs6xwwnnHaxWoXNQhS1sgYf1tbsdYaa9nRKgzW46Bm5i4PkSKw97xrztQlMJEv9gOVxTp-o3Sq_Uwq","article_modified_time":"2025-08-28T19:13:43+00:00","og_image":[{"width":1300,"height":1300,"url":"http:\/\/test.beautybaltic.com\/wp-content\/uploads\/2024\/11\/KMIZ-FPD-023C-M-8-2.jpg","type":"image\/jpeg"}],"twitter_card":"summary_large_image","twitter_misc":{"Est. reading time":"1 minute"},"schema":{"@context":"https:\/\/schema.org","@graph":[{"@type":"WebPage","@id":"https:\/\/test.beautybaltic.com\/?product=karbidinis-antgalis-kmiz-fpd-023c-m-8&lang=lt","url":"https:\/\/test.beautybaltic.com\/?product=karbidinis-antgalis-kmiz-fpd-023c-m-8&lang=lt","name":"Beauty Baltic &#183; Karbidinis antgalis KMIZ FPD 023C-M 8","isPartOf":{"@id":"https:\/\/test.beautybaltic.com\/#website"},"primaryImageOfPage":{"@id":"https:\/\/test.beautybaltic.com\/?product=karbidinis-antgalis-kmiz-fpd-023c-m-8&lang=lt#primaryimage"},"image":{"@id":"https:\/\/test.beautybaltic.com\/?product=karbidinis-antgalis-kmiz-fpd-023c-m-8&lang=lt#primaryimage"},"thumbnailUrl":"https:\/\/test.beautybaltic.com\/wp-content\/uploads\/2024\/11\/KMIZ-FPD-023C-M-8-2.jpg","datePublished":"2024-11-28T10:08:18+00:00","dateModified":"2025-08-28T19:13:43+00:00","breadcrumb":{"@id":"https:\/\/test.beautybaltic.com\/?product=karbidinis-antgalis-kmiz-fpd-023c-m-8&lang=lt#breadcrumb"},"inLanguage":"en-US","potentialAction":[{"@type":"ReadAction","target":["https:\/\/test.beautybaltic.com\/?product=karbidinis-antgalis-kmiz-fpd-023c-m-8&lang=lt"]}]},{"@type":"ImageObject","inLanguage":"en-US","@id":"https:\/\/test.beautybaltic.com\/?product=karbidinis-antgalis-kmiz-fpd-023c-m-8&lang=lt#primaryimage","url":"https:\/\/test.beautybaltic.com\/wp-content\/uploads\/2024\/11\/KMIZ-FPD-023C-M-8-2.jpg","contentUrl":"https:\/\/test.beautybaltic.com\/wp-content\/uploads\/2024\/11\/KMIZ-FPD-023C-M-8-2.jpg","width":1300,"height":1300},{"@type":"BreadcrumbList","@id":"https:\/\/test.beautybaltic.com\/?product=karbidinis-antgalis-kmiz-fpd-023c-m-8&lang=lt#breadcrumb","itemListElement":[{"@type":"ListItem","position":1,"name":"Home Page","item":"https:\/\/test.beautybaltic.com\/"},{"@type":"ListItem","position":2,"name":"All products","item":"https:\/\/test.beautybaltic.com\/?page_id=113"},{"@type":"ListItem","position":3,"name":"Karbidinis antgalis KMIZ FPD 023C-M 8"}]},{"@type":"WebSite","@id":"https:\/\/test.beautybaltic.com\/#website","url":"https:\/\/test.beautybaltic.com\/","name":"Beauty Baltic","description":"","publisher":{"@id":"https:\/\/test.beautybaltic.com\/#organization"},"potentialAction":[{"@type":"SearchAction","target":{"@type":"EntryPoint","urlTemplate":"https:\/\/test.beautybaltic.com\/?s={search_term_string}"},"query-input":{"@type":"PropertyValueSpecification","valueRequired":true,"valueName":"search_term_string"}}],"inLanguage":"en-US"},{"@type":"Organization","@id":"https:\/\/test.beautybaltic.com\/#organization","name":"SIA \"Beauty Baltic\"","url":"https:\/\/test.beautybaltic.com\/","logo":{"@type":"ImageObject","inLanguage":"en-US","@id":"https:\/\/test.beautybaltic.com\/#\/schema\/logo\/image\/","url":"https:\/\/test.beautybaltic.com\/wp-content\/uploads\/2020\/04\/logo-4.png","contentUrl":"https:\/\/test.beautybaltic.com\/wp-content\/uploads\/2020\/04\/logo-4.png","width":704,"height":206,"caption":"SIA \"Beauty Baltic\""},"image":{"@id":"https:\/\/test.beautybaltic.com\/#\/schema\/logo\/image\/"},"sameAs":["https:\/\/www.facebook.com\/siabeautybaltic\/?eid=ARDs6xwwnnHaxWoXNQhS1sgYf1tbsdYaa9nRKgzW46Bm5i4PkSKw97xrztQlMJEv9gOVxTp-o3Sq_Uwq","https:\/\/www.instagram.com\/beauty_baltic\/"]}]}},"_links":{"self":[{"href":"https:\/\/test.beautybaltic.com\/index.php?rest_route=\/wp\/v2\/product\/16884","targetHints":{"allow":["GET"]}}],"collection":[{"href":"https:\/\/test.beautybaltic.com\/index.php?rest_route=\/wp\/v2\/product"}],"about":[{"href":"https:\/\/test.beautybaltic.com\/index.php?rest_route=\/wp\/v2\/types\/product"}],"replies":[{"embeddable":true,"href":"https:\/\/test.beautybaltic.com\/index.php?rest_route=%2Fwp%2Fv2%2Fcomments&post=16884"}],"wp:featuredmedia":[{"embeddable":true,"href":"https:\/\/test.beautybaltic.com\/index.php?rest_route=\/wp\/v2\/media\/23779"}],"wp:attachment":[{"href":"https:\/\/test.beautybaltic.com\/index.php?rest_route=%2Fwp%2Fv2%2Fmedia&parent=16884"}],"wp:term":[{"taxonomy":"product_brand","embeddable":true,"href":"https:\/\/test.beautybaltic.com\/index.php?rest_route=%2Fwp%2Fv2%2Fproduct_brand&post=16884"},{"taxonomy":"product_cat","embeddable":true,"href":"https:\/\/test.beautybaltic.com\/index.php?rest_route=%2Fwp%2Fv2%2Fproduct_cat&post=16884"},{"taxonomy":"product_tag","embeddable":true,"href":"https:\/\/test.beautybaltic.com\/index.php?rest_route=%2Fwp%2Fv2%2Fproduct_tag&post=16884"}],"curies":[{"name":"wp","href":"https:\/\/api.w.org\/{rel}","templated":true}]}}