{"id":13360,"date":"2024-02-26T13:21:00","date_gmt":"2024-02-26T10:21:00","guid":{"rendered":"https:\/\/test.beautybaltic.com\/?post_type=product&#038;p=13360"},"modified":"2025-11-10T20:48:06","modified_gmt":"2025-11-10T17:48:06","slug":"mave-molecular-oil-treatment-100ml-2","status":"publish","type":"product","link":"https:\/\/test.beautybaltic.com\/?product=mave-molecular-oil-treatment-100ml-2&lang=lt","title":{"rendered":"MAVE Molecular Oil Treatment 100ml"},"content":{"rendered":"<p>Turtingas <strong>argano aliejus<\/strong>, kaip pagrindin\u0117 aliejaus baz\u0117, intensyviai dr\u0117kina, maitina ir saugo od\u0105 nuo sen\u0117jimo. Auk\u0161tos kokyb\u0117s argano aliejaus sudedamosios dalys ramina pa\u017eeist\u0105, jautri\u0105 ir ne\u0161vari\u0105 od\u0105. <strong>Vitaminas E<\/strong> skatina l\u0105steli\u0173 atsinaujinim\u0105, lygina ir stangrina od\u0105, apr\u016bpina j\u0105 dr\u0117gme ir atkuria nat\u016bral\u0173 jos barjer\u0105. <strong>Arbatmed\u017eio aliejus<\/strong> turi antibakterin\u012f poveik\u012f ir apsaugo nuo u\u017edegim\u0173. Jame esan\u010dio alyvuogi\u0173 aliejaus formul\u0117 kaip efektyvus auk\u0161t\u0173j\u0173 technologij\u0173 molekulinis laidininkas leid\u017eia aliejui i\u0161 karto \u012fsigerti \u012f giliuosius odos sluoksnius nepaliekant neriebios tekst\u016bros.<\/p>\n<p><strong>NAUDOJANT MAVE MOLECULAR OIL<\/strong><\/p>\n<p>Tinka kaip veido, k\u016bno, rank\u0173 ir p\u0117d\u0173 prie\u017ei\u016bra kasdieniniam naudojimui i\u0161orinei prie\u017ei\u016brai. Tepkite MAVE aliej\u0173 kaip galutin\u0119 \u0161vari\u0105, saus\u0105 od\u0105 ir \u0161velniai \u012fmasa\u017euokite.<\/p>\n<p><strong>NAUDOJIMAS I\u0160MANIAME PEDIKIERE<\/strong><\/p>\n<p>Idealiai tinka naudoti kartu su pediki\u016bru su diskiniais tvirtinimais p\u0117doms poliruoti. Ant \u0161vari\u0173 p\u0117d\u0173 u\u017ela\u0161inkite la\u0161el\u012f aliejaus ir sukamaisiais judesiais paskirstykite aliej\u0173. Naudojant 320 gr\u016bd\u0173 poliravimo antgal\u012f arba kempin\u0117s poliravimo disko pried\u0105, aliejus \u012f\u0161lifuojamas \u012f od\u0105. Sud\u0117tyje esan\u010dio MAVE aliejaus poveikis sukuria \u0161ilkin\u012f, glotn\u0173 ir ilgai i\u0161liekant\u012f efekt\u0105 kelias savaites.<\/p>\n<p>Sud\u0117tis: Argan spinsosa branduoli\u0173 aliejus, arbatmed\u017eio aliejus, nemuilinama alyvuogi\u0173 aliejaus frakcija, vitaminas E, ciklometikonas, kvapioji med\u017eiaga.<\/p>\n<hr \/>\n<table width=\"957\">\n<tbody>\n<tr>\n<td colspan=\"9\" width=\"783\"><span style=\"font-size: 12px;\">Gamintojas pagal GPSR: Climate GmbH, Friedrich-List-Allee 44b, 41844 Wegberg, North Rhine-Westphalia, Germany<\/span><\/td>\n<td width=\"87\"><\/td>\n<td width=\"87\"><\/td>\n<\/tr>\n<tr>\n<td colspan=\"11\"><span style=\"font-size: 12px;\">Atsakingas asmuo pagal GPSR: Climate GmbH, Friedrich-List-Allee 44b, 41844 Wegberg, North Rhine-Westphalia, Germany, info@begla.eu<\/span><\/td>\n<\/tr>\n<\/tbody>\n<\/table>\n","protected":false},"excerpt":{"rendered":"<p>MAVE Molecular Oil Treatment yra pagr\u012fsta novatori\u0161k\u0173 veikli\u0173j\u0173 med\u017eiag\u0173 ir 100% nat\u016brali\u0173 aliej\u0173 bei vitamino E deriniu. \u0160i ypatinga ir protinga formul\u0117 garantuoja intensyv\u0173 ir maitinant\u012f poveik\u012f visam k\u016bnui.<\/p>\n<p>B\u016btina tur\u0117ti galutinei proced\u016brai po maniki\u016bro ir pediki\u016bro ir dar daugiau.<\/p>\n","protected":false},"featured_media":13361,"comment_status":"open","ping_status":"closed","template":"","meta":[],"product_brand":[2846],"product_cat":[1831,1910],"product_tag":[],"class_list":{"0":"post-13360","1":"product","2":"type-product","3":"status-publish","4":"has-post-thumbnail","6":"product_brand-mave","7":"product_cat-kiti","8":"product_cat-mave-cosmetics-lt","10":"first","11":"instock","12":"taxable","13":"shipping-taxable","14":"purchasable","15":"product-type-simple"},"yoast_head":"<!-- This site is optimized with the Yoast SEO Premium plugin v23.0 (Yoast SEO v26.4) - https:\/\/yoast.com\/wordpress\/plugins\/seo\/ -->\n<title>Beauty Baltic &#183; MAVE Molecular Oil Treatment 100ml<\/title>\n<meta name=\"robots\" content=\"index, follow, max-snippet:-1, max-image-preview:large, max-video-preview:-1\" \/>\n<link rel=\"canonical\" href=\"https:\/\/test.beautybaltic.com\/?product=mave-molecular-oil-treatment-100ml-2&lang=lt\" \/>\n<meta property=\"og:locale\" content=\"en_US\" \/>\n<meta property=\"og:type\" content=\"article\" \/>\n<meta property=\"og:title\" content=\"MAVE Molecular Oil Treatment 100ml\" \/>\n<meta property=\"og:description\" content=\"MAVE Molecular Oil Treatment yra pagr\u012fsta novatori\u0161k\u0173 veikli\u0173j\u0173 med\u017eiag\u0173 ir 100% nat\u016brali\u0173 aliej\u0173 bei vitamino E deriniu. \u0160i ypatinga ir protinga formul\u0117 garantuoja intensyv\u0173 ir maitinant\u012f poveik\u012f visam k\u016bnui.  B\u016btina tur\u0117ti galutinei proced\u016brai po maniki\u016bro ir pediki\u016bro ir dar daugiau.\" \/>\n<meta property=\"og:url\" content=\"https:\/\/test.beautybaltic.com\/?product=mave-molecular-oil-treatment-100ml-2&amp;lang=lt\" \/>\n<meta property=\"og:site_name\" content=\"Beauty Baltic\" \/>\n<meta property=\"article:publisher\" content=\"https:\/\/www.facebook.com\/siabeautybaltic\/?eid=ARDs6xwwnnHaxWoXNQhS1sgYf1tbsdYaa9nRKgzW46Bm5i4PkSKw97xrztQlMJEv9gOVxTp-o3Sq_Uwq\" \/>\n<meta property=\"article:modified_time\" content=\"2025-11-10T17:48:06+00:00\" \/>\n<meta property=\"og:image\" content=\"http:\/\/test.beautybaltic.com\/wp-content\/uploads\/2023\/10\/IMG-0917.jpg\" \/>\n\t<meta property=\"og:image:width\" content=\"1000\" \/>\n\t<meta property=\"og:image:height\" content=\"1000\" \/>\n\t<meta property=\"og:image:type\" content=\"image\/jpeg\" \/>\n<meta name=\"twitter:card\" content=\"summary_large_image\" \/>\n<meta name=\"twitter:label1\" content=\"Est. reading time\" \/>\n\t<meta name=\"twitter:data1\" content=\"2 minutes\" \/>\n<script type=\"application\/ld+json\" class=\"yoast-schema-graph\">{\"@context\":\"https:\/\/schema.org\",\"@graph\":[{\"@type\":\"WebPage\",\"@id\":\"https:\/\/test.beautybaltic.com\/?product=mave-molecular-oil-treatment-100ml-2&lang=lt\",\"url\":\"https:\/\/test.beautybaltic.com\/?product=mave-molecular-oil-treatment-100ml-2&lang=lt\",\"name\":\"Beauty Baltic &#183; MAVE Molecular Oil Treatment 100ml\",\"isPartOf\":{\"@id\":\"https:\/\/test.beautybaltic.com\/#website\"},\"primaryImageOfPage\":{\"@id\":\"https:\/\/test.beautybaltic.com\/?product=mave-molecular-oil-treatment-100ml-2&lang=lt#primaryimage\"},\"image\":{\"@id\":\"https:\/\/test.beautybaltic.com\/?product=mave-molecular-oil-treatment-100ml-2&lang=lt#primaryimage\"},\"thumbnailUrl\":\"https:\/\/test.beautybaltic.com\/wp-content\/uploads\/2023\/10\/IMG-0917.jpg\",\"datePublished\":\"2024-02-26T10:21:00+00:00\",\"dateModified\":\"2025-11-10T17:48:06+00:00\",\"breadcrumb\":{\"@id\":\"https:\/\/test.beautybaltic.com\/?product=mave-molecular-oil-treatment-100ml-2&lang=lt#breadcrumb\"},\"inLanguage\":\"en-US\",\"potentialAction\":[{\"@type\":\"ReadAction\",\"target\":[\"https:\/\/test.beautybaltic.com\/?product=mave-molecular-oil-treatment-100ml-2&lang=lt\"]}]},{\"@type\":\"ImageObject\",\"inLanguage\":\"en-US\",\"@id\":\"https:\/\/test.beautybaltic.com\/?product=mave-molecular-oil-treatment-100ml-2&lang=lt#primaryimage\",\"url\":\"https:\/\/test.beautybaltic.com\/wp-content\/uploads\/2023\/10\/IMG-0917.jpg\",\"contentUrl\":\"https:\/\/test.beautybaltic.com\/wp-content\/uploads\/2023\/10\/IMG-0917.jpg\",\"width\":1000,\"height\":1000},{\"@type\":\"BreadcrumbList\",\"@id\":\"https:\/\/test.beautybaltic.com\/?product=mave-molecular-oil-treatment-100ml-2&lang=lt#breadcrumb\",\"itemListElement\":[{\"@type\":\"ListItem\",\"position\":1,\"name\":\"Home Page\",\"item\":\"https:\/\/test.beautybaltic.com\/\"},{\"@type\":\"ListItem\",\"position\":2,\"name\":\"All products\",\"item\":\"https:\/\/test.beautybaltic.com\/?page_id=113\"},{\"@type\":\"ListItem\",\"position\":3,\"name\":\"MAVE Molecular Oil Treatment 100ml\"}]},{\"@type\":\"WebSite\",\"@id\":\"https:\/\/test.beautybaltic.com\/#website\",\"url\":\"https:\/\/test.beautybaltic.com\/\",\"name\":\"Beauty Baltic\",\"description\":\"\",\"publisher\":{\"@id\":\"https:\/\/test.beautybaltic.com\/#organization\"},\"potentialAction\":[{\"@type\":\"SearchAction\",\"target\":{\"@type\":\"EntryPoint\",\"urlTemplate\":\"https:\/\/test.beautybaltic.com\/?s={search_term_string}\"},\"query-input\":{\"@type\":\"PropertyValueSpecification\",\"valueRequired\":true,\"valueName\":\"search_term_string\"}}],\"inLanguage\":\"en-US\"},{\"@type\":\"Organization\",\"@id\":\"https:\/\/test.beautybaltic.com\/#organization\",\"name\":\"SIA \\\"Beauty Baltic\\\"\",\"url\":\"https:\/\/test.beautybaltic.com\/\",\"logo\":{\"@type\":\"ImageObject\",\"inLanguage\":\"en-US\",\"@id\":\"https:\/\/test.beautybaltic.com\/#\/schema\/logo\/image\/\",\"url\":\"https:\/\/test.beautybaltic.com\/wp-content\/uploads\/2020\/04\/logo-4.png\",\"contentUrl\":\"https:\/\/test.beautybaltic.com\/wp-content\/uploads\/2020\/04\/logo-4.png\",\"width\":704,\"height\":206,\"caption\":\"SIA \\\"Beauty Baltic\\\"\"},\"image\":{\"@id\":\"https:\/\/test.beautybaltic.com\/#\/schema\/logo\/image\/\"},\"sameAs\":[\"https:\/\/www.facebook.com\/siabeautybaltic\/?eid=ARDs6xwwnnHaxWoXNQhS1sgYf1tbsdYaa9nRKgzW46Bm5i4PkSKw97xrztQlMJEv9gOVxTp-o3Sq_Uwq\",\"https:\/\/www.instagram.com\/beauty_baltic\/\"]}]}<\/script>\n<!-- \/ Yoast SEO Premium plugin. -->","yoast_head_json":{"title":"Beauty Baltic &#183; MAVE Molecular Oil Treatment 100ml","robots":{"index":"index","follow":"follow","max-snippet":"max-snippet:-1","max-image-preview":"max-image-preview:large","max-video-preview":"max-video-preview:-1"},"canonical":"https:\/\/test.beautybaltic.com\/?product=mave-molecular-oil-treatment-100ml-2&lang=lt","og_locale":"en_US","og_type":"article","og_title":"MAVE Molecular Oil Treatment 100ml","og_description":"MAVE Molecular Oil Treatment yra pagr\u012fsta novatori\u0161k\u0173 veikli\u0173j\u0173 med\u017eiag\u0173 ir 100% nat\u016brali\u0173 aliej\u0173 bei vitamino E deriniu. \u0160i ypatinga ir protinga formul\u0117 garantuoja intensyv\u0173 ir maitinant\u012f poveik\u012f visam k\u016bnui.  B\u016btina tur\u0117ti galutinei proced\u016brai po maniki\u016bro ir pediki\u016bro ir dar daugiau.","og_url":"https:\/\/test.beautybaltic.com\/?product=mave-molecular-oil-treatment-100ml-2&lang=lt","og_site_name":"Beauty Baltic","article_publisher":"https:\/\/www.facebook.com\/siabeautybaltic\/?eid=ARDs6xwwnnHaxWoXNQhS1sgYf1tbsdYaa9nRKgzW46Bm5i4PkSKw97xrztQlMJEv9gOVxTp-o3Sq_Uwq","article_modified_time":"2025-11-10T17:48:06+00:00","og_image":[{"width":1000,"height":1000,"url":"http:\/\/test.beautybaltic.com\/wp-content\/uploads\/2023\/10\/IMG-0917.jpg","type":"image\/jpeg"}],"twitter_card":"summary_large_image","twitter_misc":{"Est. reading time":"2 minutes"},"schema":{"@context":"https:\/\/schema.org","@graph":[{"@type":"WebPage","@id":"https:\/\/test.beautybaltic.com\/?product=mave-molecular-oil-treatment-100ml-2&lang=lt","url":"https:\/\/test.beautybaltic.com\/?product=mave-molecular-oil-treatment-100ml-2&lang=lt","name":"Beauty Baltic &#183; MAVE Molecular Oil Treatment 100ml","isPartOf":{"@id":"https:\/\/test.beautybaltic.com\/#website"},"primaryImageOfPage":{"@id":"https:\/\/test.beautybaltic.com\/?product=mave-molecular-oil-treatment-100ml-2&lang=lt#primaryimage"},"image":{"@id":"https:\/\/test.beautybaltic.com\/?product=mave-molecular-oil-treatment-100ml-2&lang=lt#primaryimage"},"thumbnailUrl":"https:\/\/test.beautybaltic.com\/wp-content\/uploads\/2023\/10\/IMG-0917.jpg","datePublished":"2024-02-26T10:21:00+00:00","dateModified":"2025-11-10T17:48:06+00:00","breadcrumb":{"@id":"https:\/\/test.beautybaltic.com\/?product=mave-molecular-oil-treatment-100ml-2&lang=lt#breadcrumb"},"inLanguage":"en-US","potentialAction":[{"@type":"ReadAction","target":["https:\/\/test.beautybaltic.com\/?product=mave-molecular-oil-treatment-100ml-2&lang=lt"]}]},{"@type":"ImageObject","inLanguage":"en-US","@id":"https:\/\/test.beautybaltic.com\/?product=mave-molecular-oil-treatment-100ml-2&lang=lt#primaryimage","url":"https:\/\/test.beautybaltic.com\/wp-content\/uploads\/2023\/10\/IMG-0917.jpg","contentUrl":"https:\/\/test.beautybaltic.com\/wp-content\/uploads\/2023\/10\/IMG-0917.jpg","width":1000,"height":1000},{"@type":"BreadcrumbList","@id":"https:\/\/test.beautybaltic.com\/?product=mave-molecular-oil-treatment-100ml-2&lang=lt#breadcrumb","itemListElement":[{"@type":"ListItem","position":1,"name":"Home Page","item":"https:\/\/test.beautybaltic.com\/"},{"@type":"ListItem","position":2,"name":"All products","item":"https:\/\/test.beautybaltic.com\/?page_id=113"},{"@type":"ListItem","position":3,"name":"MAVE Molecular Oil Treatment 100ml"}]},{"@type":"WebSite","@id":"https:\/\/test.beautybaltic.com\/#website","url":"https:\/\/test.beautybaltic.com\/","name":"Beauty Baltic","description":"","publisher":{"@id":"https:\/\/test.beautybaltic.com\/#organization"},"potentialAction":[{"@type":"SearchAction","target":{"@type":"EntryPoint","urlTemplate":"https:\/\/test.beautybaltic.com\/?s={search_term_string}"},"query-input":{"@type":"PropertyValueSpecification","valueRequired":true,"valueName":"search_term_string"}}],"inLanguage":"en-US"},{"@type":"Organization","@id":"https:\/\/test.beautybaltic.com\/#organization","name":"SIA \"Beauty Baltic\"","url":"https:\/\/test.beautybaltic.com\/","logo":{"@type":"ImageObject","inLanguage":"en-US","@id":"https:\/\/test.beautybaltic.com\/#\/schema\/logo\/image\/","url":"https:\/\/test.beautybaltic.com\/wp-content\/uploads\/2020\/04\/logo-4.png","contentUrl":"https:\/\/test.beautybaltic.com\/wp-content\/uploads\/2020\/04\/logo-4.png","width":704,"height":206,"caption":"SIA \"Beauty Baltic\""},"image":{"@id":"https:\/\/test.beautybaltic.com\/#\/schema\/logo\/image\/"},"sameAs":["https:\/\/www.facebook.com\/siabeautybaltic\/?eid=ARDs6xwwnnHaxWoXNQhS1sgYf1tbsdYaa9nRKgzW46Bm5i4PkSKw97xrztQlMJEv9gOVxTp-o3Sq_Uwq","https:\/\/www.instagram.com\/beauty_baltic\/"]}]}},"_links":{"self":[{"href":"https:\/\/test.beautybaltic.com\/index.php?rest_route=\/wp\/v2\/product\/13360","targetHints":{"allow":["GET"]}}],"collection":[{"href":"https:\/\/test.beautybaltic.com\/index.php?rest_route=\/wp\/v2\/product"}],"about":[{"href":"https:\/\/test.beautybaltic.com\/index.php?rest_route=\/wp\/v2\/types\/product"}],"replies":[{"embeddable":true,"href":"https:\/\/test.beautybaltic.com\/index.php?rest_route=%2Fwp%2Fv2%2Fcomments&post=13360"}],"wp:featuredmedia":[{"embeddable":true,"href":"https:\/\/test.beautybaltic.com\/index.php?rest_route=\/wp\/v2\/media\/13361"}],"wp:attachment":[{"href":"https:\/\/test.beautybaltic.com\/index.php?rest_route=%2Fwp%2Fv2%2Fmedia&parent=13360"}],"wp:term":[{"taxonomy":"product_brand","embeddable":true,"href":"https:\/\/test.beautybaltic.com\/index.php?rest_route=%2Fwp%2Fv2%2Fproduct_brand&post=13360"},{"taxonomy":"product_cat","embeddable":true,"href":"https:\/\/test.beautybaltic.com\/index.php?rest_route=%2Fwp%2Fv2%2Fproduct_cat&post=13360"},{"taxonomy":"product_tag","embeddable":true,"href":"https:\/\/test.beautybaltic.com\/index.php?rest_route=%2Fwp%2Fv2%2Fproduct_tag&post=13360"}],"curies":[{"name":"wp","href":"https:\/\/api.w.org\/{rel}","templated":true}]}}