{"id":4954,"date":"2022-02-19T23:23:22","date_gmt":"2022-02-19T20:23:22","guid":{"rendered":"https:\/\/test.beautybaltic.com\/?page_id=4954"},"modified":"2024-01-25T11:59:21","modified_gmt":"2024-01-25T08:59:21","slug":"piegades-un-apmaksas-nosacijumi","status":"publish","type":"page","link":"https:\/\/test.beautybaltic.com\/?page_id=4954&lang=lv","title":{"rendered":"Pieg\u0101des un apmaksas nosac\u012bjumi"},"content":{"rendered":"\n<p>Lai nodro\u0161in\u0101tu piln\u012bgu klientu apmierin\u0101t\u012bbu, m\u0113s cen\u0161amies nodro\u0161in\u0101t \u0101tr\u0101kos, izdev\u012bg\u0101kos un \u0113rt\u0101kos produkcijas pieg\u0101des un apmaksas veidus.<\/p>\n\n\n\n<h4 class=\"wp-block-heading\"><strong>S\u016bt\u012b\u0161anas iesp\u0113jas, tarifi (ar PVN) un termi\u0146i<\/strong><\/h4>\n\n\n\n<h4 class=\"wp-block-heading\"><strong>LATVIJA:<\/strong><\/h4>\n\n\n\n<ul class=\"wp-block-list\">\n<li>OMNIVA pakom\u0101ti:&nbsp;2,99 \u20ac&nbsp;(1-3 dienas). Bezmaksas pieg\u0101de pas\u016bt\u012bjumiem, kuru kop\u0113j\u0101 v\u0113rt\u012bba ir&nbsp;50,00 \u20ac un vair\u0101k.<\/li>\n<\/ul>\n\n\n\n<h4 class=\"wp-block-heading\"><strong>IGAUNIJA, LIETUVA:<\/strong><\/h4>\n\n\n\n<ul class=\"wp-block-list\">\n<li>OMNIVA pakom\u0101ti:&nbsp;6,99 \u20ac&nbsp;(2-4 dienas). Bezmaksas pieg\u0101de pas\u016bt\u012bjumiem, kuru kop\u0113j\u0101 v\u0113rt\u012bba ir 50,00 \u20ac un vair\u0101k.<\/li>\n<\/ul>\n\n\n\n<h4 class=\"wp-block-heading\"><strong>EIROPAS&nbsp;SAVIEN\u012aBA&nbsp;(ES):<\/strong><\/h4>\n\n\n\n<ul class=\"wp-block-list\">\n<li>Pasts:\u00a08.99\u20ac\u00a0(7-21 dienas);<\/li>\n\n\n\n<li>Ekspress pieg\u0101de (Omniva): 25.00\u20ac&nbsp;(10-14 dienas).<\/li>\n<\/ul>\n\n\n\n<h4 class=\"wp-block-heading\"><strong>VIS\u0100 PASAUL\u0112:<\/strong><\/h4>\n\n\n\n<p>Pasts:&nbsp;25.00\u20ac&nbsp;(10-30 dienas)<\/p>\n\n\n\n<h4 class=\"wp-block-heading\"><em>PAZI\u0145OJUMS<\/em><\/h4>\n\n\n\n<ol class=\"wp-block-list\">\n<li>Pieg\u0101des iesp\u0113jas ir balst\u012btas uz j\u016bsu pieg\u0101des adresi, un pirms pas\u016bt\u012bjuma pie\u0146em\u0161anas un maks\u0101juma veik\u0161anas kas\u0113 redz\u0113siet pieg\u0101des iesp\u0113jas un maksas.<\/li>\n\n\n\n<li>Katrai pieg\u0101des metodei var b\u016bt pakas svara un izm\u0113ra ierobe\u017eojumi. Ja svars un\/vai izm\u0113rs p\u0101rsniedz transport\u0113\u0161anas ierobe\u017eojumus, m\u0113s varam noraid\u012bt s\u016bt\u012bjumu un atgriezt maks\u0101jumu, vai ar\u012b m\u0113s varam l\u016bgt samaks\u0101t papildu maksu, ja j\u016bs pie\u0146emat. M\u0113s ar Jums sazin\u0101simies jebkur\u0101 gad\u012bjum\u0101, ja b\u016bs t\u0101da nepiecie\u0161am\u012bba.<\/li>\n\n\n\n<li>Kad s\u016bt\u012bjums tiek apstr\u0101d\u0101ts, tiek nor\u0101d\u012bts izseko\u0161anas numurs, lai var\u0113tu sekot l\u012bdzi j\u016bsu s\u016bt\u012bjumam.<\/li>\n\n\n\n<li>Pieg\u0101des termi\u0146\u0161 ir atkar\u012bgs no pre\u010du pieejam\u012bbas noliktav\u0101. Ja prece ir noliktav\u0101 R\u012bg\u0101, t\u0101 tiks nos\u016bt\u012bta taj\u0101 pa\u0161\u0101 dien\u0101 vai n\u0101kamaj\u0101 dien\u0101 p\u0113c maks\u0101juma apstr\u0101des. Ja prece nav pieejama noliktav\u0101, pieg\u0101de var aizkav\u0113ties 2\u20137&nbsp;dienas.<\/li>\n\n\n\n<li>Sestdien\u0101s, sv\u0113tdien\u0101s un valsts sv\u0113tku dien\u0101s pieg\u0101de un s\u016bt\u012b\u0161ana nenotiek.<\/li>\n<\/ol>\n\n\n\n<h4 class=\"wp-block-heading\">OMNIVA pakom\u0101ti (tikai&nbsp;Latvija,&nbsp;Igaunija un Lietuvaia)<\/h4>\n\n\n\n<p>Latvij\u0101, Igaunij\u0101 un Lietuv\u0101 ir pieejami vair\u0101ki OMNIVA pakom\u0101ti.<\/p>\n\n\n\n<p>Aptuvenais pieg\u0101des laiks Latvij\u0101 ir 1-3 darba dienas, Igaunijai un Lietuvai 2-4 darba dienas (ja viss ir pieejams noliktav\u0101).<\/p>\n\n\n\n<p>Vair\u0101k inform\u0101cijas operatora m\u0101jaslap\u0101: https:\/\/www.omniva.lv\/<\/p>\n\n\n\n<h4 class=\"wp-block-heading\">Starptautiskais pasts&nbsp;\u2014 Pasts&nbsp;(pieg\u0101de ES un vis\u0101 pasaul\u0113)<\/h4>\n\n\n\n<p>Starptautiskais pasts var nos\u016bt\u012bt pakas l\u012bdz 2 kg. Ja ir interese ieg\u0101d\u0101ties preces par vair\u0101k nek\u0101 2 kg, l\u016bdzu rakstiet mums piepras\u012bjuma e-pastu uz siabeautybaltic@gmail.com un aprakstiet savas pras\u012bbas.<\/p>\n\n\n\n<p>Aptuvenais pieg\u0101des laiks ir 4-7 dienas iek\u0161\u0101 Latvij\u0101, 5-10 dienas uz Igauniju un Lietuvu, 7-15 dienas uz Eiropas Savien\u012bbu, 10-30 dienas \u0101rpus.<\/p>\n\n\n\n<p>Svar\u012bga inform\u0101cija: Covid19 situ\u0101cijas d\u0113\u013c pieg\u0101des laiks pa pastu ir ilg\u0101ks nek\u0101 parasti.<\/p>\n\n\n\n<p>Vair\u0101k inform\u0101cijas p\u0101rvad\u0101t\u0101ja m\u0101jaslap\u0101: https:\/\/pasts.lv\/<\/p>\n\n\n\n<h2 class=\"wp-block-heading\">Maks\u0101juma iesp\u0113jas<\/h2>\n\n\n\n<p>Varat izv\u0113l\u0113ties k\u0101du no t\u0101l\u0101k nor\u0101d\u012btaj\u0101m maks\u0101\u0161anas iesp\u0113j\u0101m:<\/p>\n\n\n\n<h4 class=\"wp-block-heading\">1. Tie\u0161saistes maks\u0101jums (apstr\u0101d\u0101 <a href=\"https:\/\/www.paysera.lv\/v2\/lv-LV\/index\">Paysera<\/a> maks\u0101jumu sist\u0113ma), kas nodro\u0161ina \u0161\u0101das iesp\u0113jas (da\u017e\u0101d\u0101m valst\u012bm var b\u016bt da\u017e\u0101das iesp\u0113jas):<\/h4>\n\n\n\n<ol class=\"wp-block-list\" type=\"1\">\n<li>Tie\u0161saistes internetbankas maks\u0101jums (tie\u0161ais maks\u0101jums) j\u016bsu valst\u012b pieejamaj\u0101m bank\u0101m<\/li>\n\n\n\n<li>E-nauda (Starptautisk\u0101 &#8220;WebMoney&#8221; sist\u0113ma, Paysera konts)<\/li>\n\n\n\n<li>Maks\u0101jums ar kred\u012btkarti vai debetkarti<\/li>\n<\/ol>\n\n\n\n<h4 class=\"wp-block-heading\">2. Bankas p\u0101rskait\u012bjums.<\/h4>\n\n\n\n<p>J\u016bs sa\u0146emsiet visu maks\u0101juma inform\u0101ciju pa e-pastu t\u016bl\u012bt p\u0113c pas\u016bt\u012bjuma izpildes. J\u016bsu pas\u016bt\u012bjums tiks apstr\u0101d\u0101ts p\u0113c maks\u0101juma sa\u0146em\u0161anas m\u016bsu bankas kont\u0101.<\/p>\n\n\n\n<h4 class=\"wp-block-heading\">3. PayPal maks\u0101jumu sist\u0113ma.<\/h4>\n\n\n\n<p>Maks\u0101jums tiek veikts caur PayPal maks\u0101jumu uz\u0146\u0113mumu. Vair\u0101k inform\u0101cijas par \u0161o uz\u0146\u0113mumu var atrast vi\u0146u m\u0101jaslap\u0101:&nbsp;<a href=\"https:\/\/www.paypal.com\/lv\/home\">https:\/\/www.paypal.com\/<\/a><\/p>\n\n\n\n<h3 class=\"wp-block-heading\"><strong>Svar\u012bga inform\u0101cija par Covid-19:<\/strong><\/h3>\n\n\n\n<p>Cien\u012bjamie klienti,<\/p>\n\n\n\n<p>\u0145emot v\u0113r\u0101 pa\u0161reiz\u0113j\u0101s neskaidr\u012bbas saist\u012bb\u0101 ar COVID-19 (koronav\u012brusa) uzliesmojumu, m\u0113s v\u0113lamies jums apliecin\u0101t, ka m\u0113s veicam visus nepiecie\u0161amos pas\u0101kumus, lai iev\u0113rotu Pasaules Vesel\u012bbas organiz\u0101cijas un viet\u0113jo iest\u0101\u017eu vadl\u012bnijas. M\u016bsu priorit\u0101te ir m\u016bsu klientu, darbinieku un partneru dro\u0161\u012bba.<\/p>\n\n\n\n<p>Produktu iepakojums: m\u0113s str\u0101d\u0101jam saska\u0146\u0101 ar Pasaules Vesel\u012bbas organiz\u0101cijas un viet\u0113jo iest\u0101\u017eu ieteikumiem. M\u0113s past\u0101v\u012bgi uzraug\u0101m atbilst\u012bbu visiem attiec\u012bgajiem sanit\u0101rajiem standartiem.<\/p>\n\n\n\n<p>M\u0113s turpin\u0101sim dar\u012bt visu iesp\u0113jamo, lai apkalpotu savus klientus ar visaugst\u0101kajiem pieg\u0101des standartiem vis\u0101 \u0161aj\u0101 period\u0101.<\/p>\n\n\n\n<p>Ar vislab\u0101kajiem v\u0113l\u0113jumiem,<\/p>\n\n\n\n<p>Beauty Baltic<\/p>\n","protected":false},"excerpt":{"rendered":"<p>Lai nodro\u0161in\u0101tu piln\u012bgu klientu apmierin\u0101t\u012bbu, m\u0113s cen\u0161amies nodro\u0161in\u0101t \u0101tr\u0101kos, izdev\u012bg\u0101kos un \u0113rt\u0101kos produkcijas pieg\u0101des un apmaksas veidus. S\u016bt\u012b\u0161anas iesp\u0113jas, tarifi (ar PVN) un termi\u0146i LATVIJA: IGAUNIJA, LIETUVA: EIROPAS&nbsp;SAVIEN\u012aBA&nbsp;(ES): VIS\u0100 PASAUL\u0112: Pasts:&nbsp;25.00\u20ac&nbsp;(10-30 dienas) PAZI\u0145OJUMS OMNIVA pakom\u0101ti (tikai&nbsp;Latvija,&nbsp;Igaunija un Lietuvaia) Latvij\u0101, Igaunij\u0101 un Lietuv\u0101 ir pieejami vair\u0101ki OMNIVA pakom\u0101ti. Aptuvenais pieg\u0101des laiks Latvij\u0101 ir 1-3 darba dienas, &hellip; <\/p>\n","protected":false},"author":1,"featured_media":0,"parent":0,"menu_order":0,"comment_status":"closed","ping_status":"closed","template":"","meta":{"footnotes":""},"class_list":["post-4954","page","type-page","status-publish","hentry"],"yoast_head":"<!-- This site is optimized with the Yoast SEO Premium plugin v23.0 (Yoast SEO v26.4) - https:\/\/yoast.com\/wordpress\/plugins\/seo\/ -->\n<title>&#183; Pieg\u0101des un apmaksas nosac\u012bjumi<\/title>\n<meta name=\"description\" content=\"Dimanta un karb\u012bda fr\u0113zes nagu meistariem\" \/>\n<meta name=\"robots\" content=\"index, follow, max-snippet:-1, max-image-preview:large, max-video-preview:-1\" \/>\n<link rel=\"canonical\" href=\"https:\/\/test.beautybaltic.com\/?page_id=4954&lang=lv\" \/>\n<meta property=\"og:locale\" content=\"en_US\" \/>\n<meta property=\"og:type\" content=\"article\" \/>\n<meta property=\"og:title\" content=\"Pieg\u0101des un apmaksas nosac\u012bjumi\" \/>\n<meta property=\"og:description\" content=\"Dimanta un karb\u012bda fr\u0113zes nagu meistariem\" \/>\n<meta property=\"og:url\" content=\"https:\/\/test.beautybaltic.com\/?page_id=4954&amp;lang=lv\" \/>\n<meta property=\"og:site_name\" content=\"Beauty Baltic\" \/>\n<meta property=\"article:publisher\" content=\"https:\/\/www.facebook.com\/siabeautybaltic\/?eid=ARDs6xwwnnHaxWoXNQhS1sgYf1tbsdYaa9nRKgzW46Bm5i4PkSKw97xrztQlMJEv9gOVxTp-o3Sq_Uwq\" \/>\n<meta property=\"article:modified_time\" content=\"2024-01-25T08:59:21+00:00\" \/>\n<meta name=\"twitter:card\" content=\"summary_large_image\" \/>\n<meta name=\"twitter:label1\" content=\"Est. reading time\" \/>\n\t<meta name=\"twitter:data1\" content=\"3 minutes\" \/>\n<script type=\"application\/ld+json\" class=\"yoast-schema-graph\">{\"@context\":\"https:\/\/schema.org\",\"@graph\":[{\"@type\":\"WebPage\",\"@id\":\"https:\/\/test.beautybaltic.com\/?page_id=4954&lang=lv\",\"url\":\"https:\/\/test.beautybaltic.com\/?page_id=4954&lang=lv\",\"name\":\"&#183; Pieg\u0101des un apmaksas nosac\u012bjumi\",\"isPartOf\":{\"@id\":\"https:\/\/test.beautybaltic.com\/#website\"},\"datePublished\":\"2022-02-19T20:23:22+00:00\",\"dateModified\":\"2024-01-25T08:59:21+00:00\",\"description\":\"Dimanta un karb\u012bda fr\u0113zes nagu meistariem\",\"breadcrumb\":{\"@id\":\"https:\/\/test.beautybaltic.com\/?page_id=4954&lang=lv#breadcrumb\"},\"inLanguage\":\"en-US\",\"potentialAction\":[{\"@type\":\"ReadAction\",\"target\":[\"https:\/\/test.beautybaltic.com\/?page_id=4954&lang=lv\"]}]},{\"@type\":\"BreadcrumbList\",\"@id\":\"https:\/\/test.beautybaltic.com\/?page_id=4954&lang=lv#breadcrumb\",\"itemListElement\":[{\"@type\":\"ListItem\",\"position\":1,\"name\":\"Home Page\",\"item\":\"https:\/\/test.beautybaltic.com\/\"},{\"@type\":\"ListItem\",\"position\":2,\"name\":\"Pieg\u0101des un apmaksas nosac\u012bjumi\"}]},{\"@type\":\"WebSite\",\"@id\":\"https:\/\/test.beautybaltic.com\/#website\",\"url\":\"https:\/\/test.beautybaltic.com\/\",\"name\":\"Beauty Baltic\",\"description\":\"\",\"publisher\":{\"@id\":\"https:\/\/test.beautybaltic.com\/#organization\"},\"potentialAction\":[{\"@type\":\"SearchAction\",\"target\":{\"@type\":\"EntryPoint\",\"urlTemplate\":\"https:\/\/test.beautybaltic.com\/?s={search_term_string}\"},\"query-input\":{\"@type\":\"PropertyValueSpecification\",\"valueRequired\":true,\"valueName\":\"search_term_string\"}}],\"inLanguage\":\"en-US\"},{\"@type\":\"Organization\",\"@id\":\"https:\/\/test.beautybaltic.com\/#organization\",\"name\":\"SIA \\\"Beauty Baltic\\\"\",\"url\":\"https:\/\/test.beautybaltic.com\/\",\"logo\":{\"@type\":\"ImageObject\",\"inLanguage\":\"en-US\",\"@id\":\"https:\/\/test.beautybaltic.com\/#\/schema\/logo\/image\/\",\"url\":\"https:\/\/test.beautybaltic.com\/wp-content\/uploads\/2020\/04\/logo-4.png\",\"contentUrl\":\"https:\/\/test.beautybaltic.com\/wp-content\/uploads\/2020\/04\/logo-4.png\",\"width\":704,\"height\":206,\"caption\":\"SIA \\\"Beauty Baltic\\\"\"},\"image\":{\"@id\":\"https:\/\/test.beautybaltic.com\/#\/schema\/logo\/image\/\"},\"sameAs\":[\"https:\/\/www.facebook.com\/siabeautybaltic\/?eid=ARDs6xwwnnHaxWoXNQhS1sgYf1tbsdYaa9nRKgzW46Bm5i4PkSKw97xrztQlMJEv9gOVxTp-o3Sq_Uwq\",\"https:\/\/www.instagram.com\/beauty_baltic\/\"]}]}<\/script>\n<!-- \/ Yoast SEO Premium plugin. -->","yoast_head_json":{"title":"&#183; Pieg\u0101des un apmaksas nosac\u012bjumi","description":"Dimanta un karb\u012bda fr\u0113zes nagu meistariem","robots":{"index":"index","follow":"follow","max-snippet":"max-snippet:-1","max-image-preview":"max-image-preview:large","max-video-preview":"max-video-preview:-1"},"canonical":"https:\/\/test.beautybaltic.com\/?page_id=4954&lang=lv","og_locale":"en_US","og_type":"article","og_title":"Pieg\u0101des un apmaksas nosac\u012bjumi","og_description":"Dimanta un karb\u012bda fr\u0113zes nagu meistariem","og_url":"https:\/\/test.beautybaltic.com\/?page_id=4954&lang=lv","og_site_name":"Beauty Baltic","article_publisher":"https:\/\/www.facebook.com\/siabeautybaltic\/?eid=ARDs6xwwnnHaxWoXNQhS1sgYf1tbsdYaa9nRKgzW46Bm5i4PkSKw97xrztQlMJEv9gOVxTp-o3Sq_Uwq","article_modified_time":"2024-01-25T08:59:21+00:00","twitter_card":"summary_large_image","twitter_misc":{"Est. reading time":"3 minutes"},"schema":{"@context":"https:\/\/schema.org","@graph":[{"@type":"WebPage","@id":"https:\/\/test.beautybaltic.com\/?page_id=4954&lang=lv","url":"https:\/\/test.beautybaltic.com\/?page_id=4954&lang=lv","name":"&#183; Pieg\u0101des un apmaksas nosac\u012bjumi","isPartOf":{"@id":"https:\/\/test.beautybaltic.com\/#website"},"datePublished":"2022-02-19T20:23:22+00:00","dateModified":"2024-01-25T08:59:21+00:00","description":"Dimanta un karb\u012bda fr\u0113zes nagu meistariem","breadcrumb":{"@id":"https:\/\/test.beautybaltic.com\/?page_id=4954&lang=lv#breadcrumb"},"inLanguage":"en-US","potentialAction":[{"@type":"ReadAction","target":["https:\/\/test.beautybaltic.com\/?page_id=4954&lang=lv"]}]},{"@type":"BreadcrumbList","@id":"https:\/\/test.beautybaltic.com\/?page_id=4954&lang=lv#breadcrumb","itemListElement":[{"@type":"ListItem","position":1,"name":"Home Page","item":"https:\/\/test.beautybaltic.com\/"},{"@type":"ListItem","position":2,"name":"Pieg\u0101des un apmaksas nosac\u012bjumi"}]},{"@type":"WebSite","@id":"https:\/\/test.beautybaltic.com\/#website","url":"https:\/\/test.beautybaltic.com\/","name":"Beauty Baltic","description":"","publisher":{"@id":"https:\/\/test.beautybaltic.com\/#organization"},"potentialAction":[{"@type":"SearchAction","target":{"@type":"EntryPoint","urlTemplate":"https:\/\/test.beautybaltic.com\/?s={search_term_string}"},"query-input":{"@type":"PropertyValueSpecification","valueRequired":true,"valueName":"search_term_string"}}],"inLanguage":"en-US"},{"@type":"Organization","@id":"https:\/\/test.beautybaltic.com\/#organization","name":"SIA \"Beauty Baltic\"","url":"https:\/\/test.beautybaltic.com\/","logo":{"@type":"ImageObject","inLanguage":"en-US","@id":"https:\/\/test.beautybaltic.com\/#\/schema\/logo\/image\/","url":"https:\/\/test.beautybaltic.com\/wp-content\/uploads\/2020\/04\/logo-4.png","contentUrl":"https:\/\/test.beautybaltic.com\/wp-content\/uploads\/2020\/04\/logo-4.png","width":704,"height":206,"caption":"SIA \"Beauty Baltic\""},"image":{"@id":"https:\/\/test.beautybaltic.com\/#\/schema\/logo\/image\/"},"sameAs":["https:\/\/www.facebook.com\/siabeautybaltic\/?eid=ARDs6xwwnnHaxWoXNQhS1sgYf1tbsdYaa9nRKgzW46Bm5i4PkSKw97xrztQlMJEv9gOVxTp-o3Sq_Uwq","https:\/\/www.instagram.com\/beauty_baltic\/"]}]}},"_links":{"self":[{"href":"https:\/\/test.beautybaltic.com\/index.php?rest_route=\/wp\/v2\/pages\/4954","targetHints":{"allow":["GET"]}}],"collection":[{"href":"https:\/\/test.beautybaltic.com\/index.php?rest_route=\/wp\/v2\/pages"}],"about":[{"href":"https:\/\/test.beautybaltic.com\/index.php?rest_route=\/wp\/v2\/types\/page"}],"author":[{"embeddable":true,"href":"https:\/\/test.beautybaltic.com\/index.php?rest_route=\/wp\/v2\/users\/1"}],"replies":[{"embeddable":true,"href":"https:\/\/test.beautybaltic.com\/index.php?rest_route=%2Fwp%2Fv2%2Fcomments&post=4954"}],"version-history":[{"count":0,"href":"https:\/\/test.beautybaltic.com\/index.php?rest_route=\/wp\/v2\/pages\/4954\/revisions"}],"wp:attachment":[{"href":"https:\/\/test.beautybaltic.com\/index.php?rest_route=%2Fwp%2Fv2%2Fmedia&parent=4954"}],"curies":[{"name":"wp","href":"https:\/\/api.w.org\/{rel}","templated":true}]}}